{"id":1167,"date":"2023-05-07T21:21:13","date_gmt":"2023-05-08T01:21:13","guid":{"rendered":"https:\/\/wildlifeconnect.azurewebsites.net\/?page_id=1167"},"modified":"2023-06-15T22:23:08","modified_gmt":"2023-06-16T02:23:08","slug":"nosotros","status":"publish","type":"page","link":"https:\/\/wildlifeconnect.org\/en\/nosotros\/","title":{"rendered":"Nosotros"},"content":{"rendered":"[et_pb_section fb_built=\u00bb1&#8243; _builder_version=\u00bb4.21.0&#8243; _module_preset=\u00bbdefault\u00bb background_image=\u00bbhttps:\/\/wildlifeconnect.org\/wp-content\/uploads\/2023\/05\/pantanalmuestra.jpg\u00bb custom_padding=\u00bb300px||300px||false|false\u00bb global_colors_info=\u00bb{}\u00bb theme_builder_area=\u00bbpost_content\u00bb][et_pb_row _builder_version=\u00bb4.21.0&#8243; _module_preset=\u00bbdefault\u00bb global_colors_info=\u00bb{}\u00bb theme_builder_area=\u00bbpost_content\u00bb][et_pb_column type=\u00bb4_4&#8243; _builder_version=\u00bb4.21.0&#8243; _module_preset=\u00bbdefault\u00bb global_colors_info=\u00bb{}\u00bb theme_builder_area=\u00bbpost_content\u00bb][et_pb_text _builder_version=\u00bb4.21.0&#8243; _module_preset=\u00bbdefault\u00bb header_2_font=\u00bbBahiana|600|||||||\u00bb header_2_text_color=\u00bb#FFFFFF\u00bb header_2_font_size=\u00bb58px\u00bb background_color=\u00bbrgba(0,0,0,0.5)\u00bb custom_padding=\u00bb20px|20px|20px|20px|false|false\u00bb hover_enabled=\u00bb0&#8243; global_colors_info=\u00bb{}\u00bb theme_builder_area=\u00bbpost_content\u00bb sticky_enabled=\u00bb0&#8243;]<h2 class=\"elementor-heading-title elementor-size-default\" style=\"text-align: center;\">About Us<\/h2>[\/et_pb_text][\/et_pb_column][\/et_pb_row][\/et_pb_section][et_pb_section fb_built=\u00bb1&#8243; _builder_version=\u00bb4.21.0&#8243; _module_preset=\u00bbdefault\u00bb global_colors_info=\u00bb{}\u00bb theme_builder_area=\u00bbpost_content\u00bb][et_pb_row column_structure=\u00bb1_3,1_3,1_3&#8243; _builder_version=\u00bb4.21.0&#8243; _module_preset=\u00bbdefault\u00bb global_colors_info=\u00bb{}\u00bb theme_builder_area=\u00bbpost_content\u00bb][et_pb_column type=\u00bb1_3&#8243; _builder_version=\u00bb4.21.0&#8243; _module_preset=\u00bbdefault\u00bb global_colors_info=\u00bb{}\u00bb theme_builder_area=\u00bbpost_content\u00bb][et_pb_blurb url=\u00bbhttps:\/\/wwf.panda.org\/\u00bb image=\u00bbhttps:\/\/wildlifeconnect.org\/wp-content\/uploads\/2023\/05\/1-wwflogo_apcolor_01_copy.png\u00bb _builder_version=\u00bb4.21.0&#8243; _module_preset=\u00bbdefault\u00bb body_font=\u00bbArial||||||||\u00bb body_font_size=\u00bb20px\u00bb custom_padding=\u00bb20px|20px|20px|20px|false|false\u00bb link_option_url_new_window=\u00bbon\u00bb border_width_all=\u00bb2px\u00bb border_color_all=\u00bb#dddddd\u00bb global_colors_info=\u00bb{}\u00bb theme_builder_area=\u00bbpost_content\u00bb]<p style=\"text-align: justify;\"><span>WWF is an independent conservation organization, with over 30 million followers and a global network active in nearly 100 countries. Our mission is to stop the degradation of the planet\u2019s natural environment and to build a future in which people live in harmony with nature, by conserving the world\u2019s biological diversity, ensuring that the use of renewable natural resources is sustainable, and promoting the reduction of pollution and wasteful consumption. Visit<\/span><a href=\"https:\/\/wwf.panda.org\/wwf_news\/\">\u00a0panda.org\/news<\/a><span>\u00a0for the latest news.<\/span><\/p>[\/et_pb_blurb][\/et_pb_column][et_pb_column type=\u00bb1_3&#8243; _builder_version=\u00bb4.21.0&#8243; _module_preset=\u00bbdefault\u00bb global_colors_info=\u00bb{}\u00bb theme_builder_area=\u00bbpost_content\u00bb][et_pb_blurb url=\u00bbhttps:\/\/wwf.panda.org\/\u00bb image=\u00bbhttps:\/\/wildlifeconnect.org\/wp-content\/uploads\/2023\/05\/1-CLLC_logo_primary-768&#215;541-1.png\u00bb _builder_version=\u00bb4.21.0&#8243; _module_preset=\u00bbdefault\u00bb body_font=\u00bbArial||||||||\u00bb body_font_size=\u00bb20px\u00bb custom_padding=\u00bb20px|20px|20px|20px|false|false\u00bb link_option_url_new_window=\u00bbon\u00bb border_width_all=\u00bb2px\u00bb border_color_all=\u00bb#dddddd\u00bb global_colors_info=\u00bb{}\u00bb theme_builder_area=\u00bbpost_content\u00bb]<p style=\"text-align: justify;\">CLLC is the hub of a growing global movement to reverse the fragmentation of the earth\u2019s landscapes and restore nature\u2019s resilience to climate change. By bringing knowledge and experience to bear on connectivity conservation issues worldwide, the Center forms a network of communities, practitioners, experts, and decision makers developing solutions, implementing projects, and contributing to global efforts that connect and protect crucial habitat across terrestrial, marine, and freshwater ecosystems.<\/p>\n<p style=\"text-align: justify;\"><a>.<\/a><\/p>[\/et_pb_blurb][\/et_pb_column][et_pb_column type=\u00bb1_3&#8243; _builder_version=\u00bb4.21.0&#8243; _module_preset=\u00bbdefault\u00bb global_colors_info=\u00bb{}\u00bb theme_builder_area=\u00bbpost_content\u00bb][et_pb_blurb url=\u00bbhttps:\/\/wwf.panda.org\/\u00bb image=\u00bbhttps:\/\/wildlifeconnect.org\/wp-content\/uploads\/2023\/05\/connectconser.png\u00bb _builder_version=\u00bb4.21.0&#8243; _module_preset=\u00bbdefault\u00bb body_font=\u00bbArial||||||||\u00bb body_font_size=\u00bb20px\u00bb custom_padding=\u00bb20px|20px|20px|20px|false|false\u00bb link_option_url_new_window=\u00bbon\u00bb border_width_all=\u00bb2px\u00bb border_color_all=\u00bb#dddddd\u00bb global_colors_info=\u00bb{}\u00bb theme_builder_area=\u00bbpost_content\u00bb]<p style=\"text-align: justify;\">CCSG operates under the IUCN World Commission on Protected Areas (WCPA) to support information sharing, active participation, global awareness, and action to maintain, enhance, and restore ecological connectivity around the world. Its mission is to provide scientific, policy, and technical advice that mainstreams connectivity conservation as a nature-based solution to enhance the integrity of protected areas, save biodiversity, and increase resilience to climate change.<\/p>\n<p style=\"text-align: justify;\"><a href=\"https:\/\/conservationcorridor.org\/ccsg\/\">.<\/a><\/p>[\/et_pb_blurb][\/et_pb_column][\/et_pb_row][\/et_pb_section][et_pb_section fb_built=\u00bb1&#8243; _builder_version=\u00bb4.21.0&#8243; _module_preset=\u00bbdefault\u00bb background_color=\u00bb#000000&#8243; global_colors_info=\u00bb{}\u00bb theme_builder_area=\u00bbpost_content\u00bb][et_pb_row _builder_version=\u00bb4.21.0&#8243; _module_preset=\u00bbdefault\u00bb global_colors_info=\u00bb{}\u00bb theme_builder_area=\u00bbpost_content\u00bb][et_pb_column type=\u00bb4_4&#8243; _builder_version=\u00bb4.21.0&#8243; _module_preset=\u00bbdefault\u00bb global_colors_info=\u00bb{}\u00bb theme_builder_area=\u00bbpost_content\u00bb][et_pb_text _builder_version=\u00bb4.21.0&#8243; _module_preset=\u00bbdefault\u00bb text_text_color=\u00bb#FFFFFF\u00bb header_2_font=\u00bbArial|600|||||||\u00bb header_2_text_color=\u00bb#FFFFFF\u00bb header_2_font_size=\u00bb44px\u00bb background_color=\u00bbrgba(217,217,217,0.27)\u00bb text_orientation=\u00bbcenter\u00bb custom_padding=\u00bb20px|20px|20px|20px|false|false\u00bb global_colors_info=\u00bb{}\u00bb theme_builder_area=\u00bbpost_content\u00bb]<p class=\"elementor-heading-title elementor-size-xxl\"><span>For more information about Wildlife Connect Initiative, please contact:\u00a0\u00a0<\/span><a href=\"mailto:rantelo@wwfbolivia.org\">mailto:rantelo@wwfbolivia.org<\/a><span>\u00a0Wildlife Connect Initiative Lead.<\/span><\/p>[\/et_pb_text][\/et_pb_column][\/et_pb_row][\/et_pb_section]","protected":false},"excerpt":{"rendered":"<p>Acerca de nosotrosWWF es una organizaci\u00f3n de conservaci\u00f3n independiente, con m\u00e1s de 30 millones de seguidores y una red global activa en casi 100 pa\u00edses. Nuestra misi\u00f3n es detener la degradaci\u00f3n del medio ambiente natural del planeta y construir un futuro en el que las personas vivan en armon\u00eda con la naturaleza, conservando la diversidad [&hellip;]<\/p>","protected":false},"author":1,"featured_media":0,"parent":0,"menu_order":0,"comment_status":"closed","ping_status":"closed","template":"","meta":{"_et_pb_use_builder":"on","_et_pb_old_content":"","_et_gb_content_width":"","om_disable_all_campaigns":false,"_monsterinsights_skip_tracking":false,"_monsterinsights_sitenote_active":false,"_monsterinsights_sitenote_note":"","_monsterinsights_sitenote_category":0},"wf_page_folders":[],"aioseo_notices":[],"_links":{"self":[{"href":"https:\/\/wildlifeconnect.org\/en\/wp-json\/wp\/v2\/pages\/1167"}],"collection":[{"href":"https:\/\/wildlifeconnect.org\/en\/wp-json\/wp\/v2\/pages"}],"about":[{"href":"https:\/\/wildlifeconnect.org\/en\/wp-json\/wp\/v2\/types\/page"}],"author":[{"embeddable":true,"href":"https:\/\/wildlifeconnect.org\/en\/wp-json\/wp\/v2\/users\/1"}],"replies":[{"embeddable":true,"href":"https:\/\/wildlifeconnect.org\/en\/wp-json\/wp\/v2\/comments?post=1167"}],"version-history":[{"count":6,"href":"https:\/\/wildlifeconnect.org\/en\/wp-json\/wp\/v2\/pages\/1167\/revisions"}],"predecessor-version":[{"id":1472,"href":"https:\/\/wildlifeconnect.org\/en\/wp-json\/wp\/v2\/pages\/1167\/revisions\/1472"}],"wp:attachment":[{"href":"https:\/\/wildlifeconnect.org\/en\/wp-json\/wp\/v2\/media?parent=1167"}],"wp:term":[{"taxonomy":"wf_page_folders","embeddable":true,"href":"https:\/\/wildlifeconnect.org\/en\/wp-json\/wp\/v2\/wf_page_folders?post=1167"}],"curies":[{"name":"wp","href":"https:\/\/api.w.org\/{rel}","templated":true}]}}