{"id":1154,"date":"2023-05-07T21:23:44","date_gmt":"2023-05-08T01:23:44","guid":{"rendered":"https:\/\/wildlifeconnect.azurewebsites.net\/?page_id=1154"},"modified":"2024-12-17T12:52:59","modified_gmt":"2024-12-17T16:52:59","slug":"america-latina","status":"publish","type":"page","link":"https:\/\/wildlifeconnect.org\/en\/america-latina\/","title":{"rendered":"Latin America"},"content":{"rendered":"<p>[et_pb_section fb_built=\u00bb1&#8243; _builder_version=\u00bb4.21.0&#8243; _module_preset=\u00bbdefault\u00bb background_enable_image=\u00bboff\u00bb custom_padding=\u00bb0px||0px||false|false\u00bb global_colors_info=\u00bb{}\u00bb theme_builder_area=\u00bbpost_content\u00bb][et_pb_row _builder_version=\u00bb4.21.0&#8243; _module_preset=\u00bbdefault\u00bb width=\u00bb100%\u00bb max_width=\u00bb2560px\u00bb custom_padding=\u00bb0px||0px||false|false\u00bb global_colors_info=\u00bb{}\u00bb theme_builder_area=\u00bbpost_content\u00bb][et_pb_column type=\u00bb4_4&#8243; _builder_version=\u00bb4.21.0&#8243; _module_preset=\u00bbdefault\u00bb global_colors_info=\u00bb{}\u00bb theme_builder_area=\u00bbpost_content\u00bb][et_pb_image src=\u00bbhttps:\/\/wildlifeconnect.org\/wp-content\/uploads\/2023\/05\/AMERICA-LATINA-1536&#215;735-1.jpg\u00bb title_text=\u00bbAMERICA-LATINA-1536&#215;735&#8243; align=\u00bbcenter\u00bb force_fullwidth=\u00bbon\u00bb _builder_version=\u00bb4.21.0&#8243; _module_preset=\u00bbdefault\u00bb global_colors_info=\u00bb{}\u00bb theme_builder_area=\u00bbpost_content\u00bb][\/et_pb_image][\/et_pb_column][\/et_pb_row][\/et_pb_section][et_pb_section fb_built=\u00bb1&#8243; _builder_version=\u00bb4.21.0&#8243; _module_preset=\u00bbdefault\u00bb global_colors_info=\u00bb{}\u00bb theme_builder_area=\u00bbpost_content\u00bb][et_pb_row column_structure=\u00bb1_2,1_2&#8243; _builder_version=\u00bb4.21.0&#8243; _module_preset=\u00bbdefault\u00bb global_colors_info=\u00bb{}\u00bb theme_builder_area=\u00bbpost_content\u00bb][et_pb_column type=\u00bb1_2&#8243; _builder_version=\u00bb4.21.0&#8243; _module_preset=\u00bbdefault\u00bb global_colors_info=\u00bb{}\u00bb theme_builder_area=\u00bbpost_content\u00bb][et_pb_image src=\u00bbhttps:\/\/wildlifeconnect.org\/wp-content\/uploads\/2023\/05\/corredor_suramerica_2021_pacha-768&#215;994-1.jpg\u00bb title_text=\u00bbcorredor_suramerica_2021_pacha-768&#215;994&#8243; _builder_version=\u00bb4.21.0&#8243; _module_preset=\u00bbdefault\u00bb global_colors_info=\u00bb{}\u00bb theme_builder_area=\u00bbpost_content\u00bb][\/et_pb_image][et_pb_text _builder_version=\u00bb4.21.0&#8243; _module_preset=\u00bbdefault\u00bb custom_margin=\u00bb0px||0px||false|false\u00bb global_colors_info=\u00bb{}\u00bb theme_builder_area=\u00bbpost_content\u00bb]<\/p>\n<p style=\"text-align: center;\"><span>image extracted from:\u00a0<\/span><b>\u00a9 Panthera<\/b><\/p>\n<p>[\/et_pb_text][\/et_pb_column][et_pb_column type=\u00bb1_2&#8243; _builder_version=\u00bb4.21.0&#8243; _module_preset=\u00bbdefault\u00bb global_colors_info=\u00bb{}\u00bb theme_builder_area=\u00bbpost_content\u00bb][et_pb_text _builder_version=\u00bb4.21.0&#8243; _module_preset=\u00bbdefault\u00bb header_2_text_color=\u00bb#000000&#8243; header_2_font_size=\u00bb42px\u00bb background_color=\u00bb#d9d9d9&#8243; custom_margin=\u00bb200px||||false|false\u00bb custom_padding=\u00bb20px|20px|20px|20px|false|false\u00bb global_colors_info=\u00bb{}\u00bb theme_builder_area=\u00bbpost_content\u00bb]<\/p>\n<h2 class=\"elementor-heading-title elementor-size-default\" style=\"text-align: center;\">LATIN AMERICA<\/h2>\n<p>[\/et_pb_text][et_pb_text _builder_version=\u00bb4.22.0&#8243; _module_preset=\u00bbdefault\u00bb text_text_color=\u00bb#000000&#8243; text_font_size=\u00bb20px\u00bb text_line_height=\u00bb1.5em\u00bb background_color=\u00bb#e8e8e8&#8243; text_orientation=\u00bbjustified\u00bb custom_margin=\u00bb-38px||||false|false\u00bb custom_padding=\u00bb20px|20px|20px|20px|false|false\u00bb global_colors_info=\u00bb{}\u00bb theme_builder_area=\u00bbpost_content\u00bb]<\/p>\n<p><b><span lang=\"ES-BO\">The Pantanal - Chaco (PACHA) landscape is one of the most diverse on the planet.<\/span><\/b><span lang=\"ES-BO\">, however, it has some of the highest deforestation rates in the world. Many of its crucial jaguar corridors are considered threatened. For this reason, the Wildlife Connect PACHA group was formed, composed of more than 30 jaguar and connectivity experts from Argentina, Bolivia, Brazil and Paraguay. For more than a year, and with the technical support of the<span>\u00a0<\/span><a href=\"https:\/\/largelandscapes.org\/\" data-auth=\"NotApplicable\" data-linkindex=\"0\">Center for Large Landscape Conservation<\/a>, the experts proceeded to identify the important areas for jaguar conservation in PACHA and the ecological corridors that connect them.\u00a0<\/span><\/p>\n<p>[\/et_pb_text][dsm_button button_one_text=\u00bb \u00a1Descarga aqu\u00ed el informe que muestra la red ecol\u00f3gica del jaguar en PACHA!\u00bb button_one_url=\u00bbhttps:\/\/wildlifeconnect.org\/wp-content\/uploads\/2024\/12\/Expert-based-Jaguar-Connectivity-Analysis-for-the-Pantanal-Chaco-Region.pdf\u00bb button_one_url_new_window=\u00bbon\u00bb button_alignment=\u00bbcenter\u00bb _builder_version=\u00bb4.22.0&#8243; _module_preset=\u00bbdefault\u00bb custom_button_one=\u00bbon\u00bb button_one_text_size=\u00bb15px\u00bb button_one_text_color=\u00bb#FFFFFF\u00bb button_one_bg_color=\u00bb#878f96&#8243; button_one_icon=\u00bb&#xe060;||divi||400&#8243; button_one_icon_color=\u00bb#FFFFFF\u00bb button_one_icon_placement=\u00bbleft\u00bb button_one_on_hover=\u00bboff\u00bb background_layout=\u00bbdark\u00bb hover_enabled=\u00bb0&#8243; global_colors_info=\u00bb{}\u00bb theme_builder_area=\u00bbpost_content\u00bb sticky_enabled=\u00bb0&#8243; button_one_css=\u00bbhide-en\u00bb][\/dsm_button][dsm_button button_one_text=\u00bb \u00a1Download here the report that show the ecological network of Jaguar in PACHA!\u00bb button_one_url=\u00bbhttps:\/\/wildlifeconnect.org\/wp-content\/uploads\/2024\/12\/Analisis-de-la-conectividad-ecologica-del-jaguar-en-la-region-pantanal-chaco_optimizado.pdf\u00bb button_one_url_new_window=\u00bbon\u00bb button_alignment=\u00bbcenter\u00bb _builder_version=\u00bb4.22.0&#8243; _module_preset=\u00bbdefault\u00bb custom_button_one=\u00bbon\u00bb button_one_text_size=\u00bb15px\u00bb button_one_text_color=\u00bb#FFFFFF\u00bb button_one_bg_color=\u00bb#878f96&#8243; button_one_icon=\u00bb&#xe060;||divi||400&#8243; button_one_icon_color=\u00bb#FFFFFF\u00bb button_one_icon_placement=\u00bbleft\u00bb button_one_on_hover=\u00bboff\u00bb background_layout=\u00bbdark\u00bb hover_enabled=\u00bb0&#8243; global_colors_info=\u00bb{}\u00bb theme_builder_area=\u00bbpost_content\u00bb sticky_enabled=\u00bb0&#8243; button_one_css=\u00bbhide-es\u00bb][\/dsm_button][\/et_pb_column][\/et_pb_row][\/et_pb_section][et_pb_section fb_built=\u00bb1&#8243; _builder_version=\u00bb4.21.0&#8243; _module_preset=\u00bbdefault\u00bb background_color=\u00bb#000000&#8243; custom_padding=\u00bb250px||250px||false|false\u00bb global_colors_info=\u00bb{}\u00bb theme_builder_area=\u00bbpost_content\u00bb][et_pb_row column_structure=\u00bb1_2,1_2&#8243; _builder_version=\u00bb4.21.0&#8243; _module_preset=\u00bbdefault\u00bb global_colors_info=\u00bb{}\u00bb theme_builder_area=\u00bbpost_content\u00bb][et_pb_column type=\u00bb1_2&#8243; _builder_version=\u00bb4.21.0&#8243; _module_preset=\u00bbdefault\u00bb global_colors_info=\u00bb{}\u00bb theme_builder_area=\u00bbpost_content\u00bb][et_pb_text _builder_version=\u00bb4.21.0&#8243; _module_preset=\u00bbdefault\u00bb header_2_font=\u00bbBahiana|600|||||||\u00bb header_2_text_color=\u00bb#FFFFFF\u00bb header_2_font_size=\u00bb50px\u00bb background_color=\u00bbrgba(217,217,217,0.42)\u00bb custom_padding=\u00bb20px|20px|20px|20px|false|false\u00bb global_colors_info=\u00bb{}\u00bb theme_builder_area=\u00bbpost_content\u00bb]<\/p>\n<h2 class=\"elementor-heading-title elementor-size-xxl\">Wildlife Connect aims to build on these successes in 4 additional landscapes, one on each continent<\/h2>\n<p>[\/et_pb_text][\/et_pb_column][et_pb_column type=\u00bb1_2&#8243; _builder_version=\u00bb4.21.0&#8243; _module_preset=\u00bbdefault\u00bb global_colors_info=\u00bb{}\u00bb theme_builder_area=\u00bbpost_content\u00bb][dsm_image_accordion image_accordion_animation=\u00bbpush_up\u00bb image_accordion_animation_sequence=\u00bbon\u00bb ia_height=\u00bb411px\u00bb _builder_version=\u00bb4.21.0&#8243; _module_preset=\u00bbdefault\u00bb custom_margin=\u00bb-100px||||false|false\u00bb global_colors_info=\u00bb{}\u00bb theme_builder_area=\u00bbpost_content\u00bb][dsm_image_accordion_child image_accordion_src=\u00bbhttps:\/\/wildlifeconnect.org\/wp-content\/uploads\/2023\/05\/map4.jpg\u00bb image_accordion_title=\u00bbAsia\u00bb image_accordion_desc=\u00bbIndia Central\u00bb ia_align_horizontal=\u00bbleft\u00bb ia_align_vertical=\u00bbbottom\u00bb _builder_version=\u00bb4.21.0&#8243; _dynamic_attributes=\u00bblink_option_url\u00bb _module_preset=\u00bbdefault\u00bb title_font=\u00bbArial|800|||||||\u00bb title_text_color=\u00bb#000000&#8243; title_font_size=\u00bb30px\u00bb desc_font=\u00bb|800|||||||\u00bb desc_text_color=\u00bb#000000&#8243; desc_font_size=\u00bb25px\u00bb background_enable_color=\u00bboff\u00bb custom_padding=\u00bb|||20px|false|false\u00bb link_option_url=\u00bb@ET-DC@eyJkeW5hbWljIjp0cnVlLCJjb250ZW50IjoicG9zdF9saW5rX3VybF9wYWdlIiwic2V0dGluZ3MiOnsicG9zdF9pZCI6IjExMzkifX0=@\u00bb global_colors_info=\u00bb{}\u00bb theme_builder_area=\u00bbpost_content\u00bb][\/dsm_image_accordion_child][dsm_image_accordion_child image_accordion_src=\u00bbhttps:\/\/wildlifeconnect.org\/wp-content\/uploads\/2023\/05\/map7.png\u00bb image_accordion_title=\u00bbEuropa\u00bb image_accordion_desc=\u00bbC\u00e1rpatos\u00bb ia_align_horizontal=\u00bbleft\u00bb ia_align_vertical=\u00bbbottom\u00bb _builder_version=\u00bb4.21.0&#8243; _dynamic_attributes=\u00bblink_option_url\u00bb _module_preset=\u00bbdefault\u00bb title_font=\u00bbArial|800|||||||\u00bb title_text_color=\u00bb#000000&#8243; title_font_size=\u00bb30px\u00bb desc_font=\u00bb|800|||||||\u00bb desc_text_color=\u00bb#000000&#8243; desc_font_size=\u00bb25px\u00bb background_enable_color=\u00bboff\u00bb custom_padding=\u00bb|||20px|false|false\u00bb link_option_url=\u00bb@ET-DC@eyJkeW5hbWljIjp0cnVlLCJjb250ZW50IjoicG9zdF9saW5rX3VybF9wYWdlIiwic2V0dGluZ3MiOnsicG9zdF9pZCI6IjExNDgifX0=@\u00bb global_colors_info=\u00bb{}\u00bb theme_builder_area=\u00bbpost_content\u00bb][\/dsm_image_accordion_child][dsm_image_accordion_child image_accordion_src=\u00bbhttps:\/\/wildlifeconnect.org\/wp-content\/uploads\/2023\/05\/sudamerica.jpg\u00bb image_accordion_title=\u00bbLatinoam\u00e9rica\u00bb image_accordion_desc=\u00bbChaco-Pantanal (PACHA)<br \/>\n\u00a9 Panthera\u00bb ia_align_horizontal=\u00bbleft\u00bb ia_align_vertical=\u00bbbottom\u00bb _builder_version=\u00bb4.21.0&#8243; _dynamic_attributes=\u00bblink_option_url\u00bb _module_preset=\u00bbdefault\u00bb title_font=\u00bbArial|800|||||||\u00bb title_text_color=\u00bb#000000&#8243; title_font_size=\u00bb30px\u00bb desc_font=\u00bb|800|||||||\u00bb desc_text_color=\u00bb#000000&#8243; desc_font_size=\u00bb25px\u00bb background_enable_color=\u00bboff\u00bb custom_padding=\u00bb|||20px|false|false\u00bb link_option_url=\u00bb@ET-DC@eyJkeW5hbWljIjp0cnVlLCJjb250ZW50IjoicG9zdF9saW5rX3VybF9wYWdlIiwic2V0dGluZ3MiOnsicG9zdF9pZCI6IjExNTQifX0=@\u00bb global_colors_info=\u00bb{}\u00bb theme_builder_area=\u00bbpost_content\u00bb][\/dsm_image_accordion_child][dsm_image_accordion_child image_accordion_src=\u00bbhttps:\/\/wildlifeconnect.org\/wp-content\/uploads\/2023\/05\/Soknot.jpg\u00bb image_accordion_title=\u00bbAfrica\u00bb image_accordion_desc=\u00bbKenia del Sur &#8211; Norte de Tanzania (SOKNOT)\u00bb ia_align_horizontal=\u00bbleft\u00bb ia_align_vertical=\u00bbbottom\u00bb _builder_version=\u00bb4.21.0&#8243; _dynamic_attributes=\u00bblink_option_url\u00bb _module_preset=\u00bbdefault\u00bb title_font=\u00bbArial|800|||||||\u00bb title_text_color=\u00bb#000000&#8243; title_font_size=\u00bb30px\u00bb desc_font=\u00bb|800|||||||\u00bb desc_text_color=\u00bb#000000&#8243; desc_font_size=\u00bb25px\u00bb background_enable_color=\u00bboff\u00bb custom_padding=\u00bb|||20px|false|false\u00bb link_option_url=\u00bb@ET-DC@eyJkeW5hbWljIjp0cnVlLCJjb250ZW50IjoicG9zdF9saW5rX3VybF9wYWdlIiwic2V0dGluZ3MiOnsicG9zdF9pZCI6IjExNjAifX0=@\u00bb global_colors_info=\u00bb{}\u00bb theme_builder_area=\u00bbpost_content\u00bb][\/dsm_image_accordion_child][\/dsm_image_accordion][\/et_pb_column][\/et_pb_row][\/et_pb_section][et_pb_section fb_built=\u00bb1&#8243; _builder_version=\u00bb4.21.0&#8243; _module_preset=\u00bbdefault\u00bb global_colors_info=\u00bb{}\u00bb theme_builder_area=\u00bbpost_content\u00bb][et_pb_row _builder_version=\u00bb4.21.0&#8243; _module_preset=\u00bbdefault\u00bb global_colors_info=\u00bb{}\u00bb theme_builder_area=\u00bbpost_content\u00bb][et_pb_column type=\u00bb4_4&#8243; _builder_version=\u00bb4.21.0&#8243; _module_preset=\u00bbdefault\u00bb global_colors_info=\u00bb{}\u00bb theme_builder_area=\u00bbpost_content\u00bb][et_pb_video src=\u00bbhttps:\/\/youtu.be\/MLXIc6tjyH0&#8243; _builder_version=\u00bb4.21.0&#8243; _module_preset=\u00bbdefault\u00bb global_colors_info=\u00bb{}\u00bb theme_builder_area=\u00bbpost_content\u00bb][\/et_pb_video][dsm_button button_one_text=\u00bbDescarga la hoja informativa del proyecto\u00bb button_one_url=\u00bbhttps:\/\/wwflac.awsassets.panda.org\/downloads\/hoja_informativa_wildlife_connect.pdf\u00bb button_one_url_new_window=\u00bbon\u00bb button_alignment=\u00bbcenter\u00bb _builder_version=\u00bb4.21.0&#8243; _module_preset=\u00bbdefault\u00bb custom_button_one=\u00bbon\u00bb button_one_text_size=\u00bb22px\u00bb button_one_text_color=\u00bb#FFFFFF\u00bb button_one_bg_color=\u00bb#818a91&#8243; button_one_font=\u00bbArial||||||||\u00bb button_one_icon=\u00bb&#xe0a3;||divi||400&#8243; button_one_icon_color=\u00bb#FFFFFF\u00bb button_one_icon_placement=\u00bbleft\u00bb background_layout=\u00bbdark\u00bb global_colors_info=\u00bb{}\u00bb theme_builder_area=\u00bbpost_content\u00bb][\/dsm_button][\/et_pb_column][\/et_pb_row][\/et_pb_section]<\/p>","protected":false},"excerpt":{"rendered":"<p>Imagen extraida de:\u00a0\u00a9 PantheraAM\u00c9RICA LATINAEl paisaje Pantanal \u2013 Chaco (PACHA)\u00a0es uno de los m\u00e1s diversos del planeta, sin embargo, tiene algunas de las tasas de deforestaci\u00f3n m\u00e1s altas del mundo. Muchos de sus corredores cruciales de jaguares se consideran amenazados. Por este motivo se conform\u00f3 el grupo Wildlife Connect PACHA, integrado por m\u00e1s de 30 [&hellip;]<\/p>","protected":false},"author":1,"featured_media":0,"parent":0,"menu_order":0,"comment_status":"closed","ping_status":"closed","template":"","meta":{"_et_pb_use_builder":"on","_et_pb_old_content":"","_et_gb_content_width":"","om_disable_all_campaigns":false,"_monsterinsights_skip_tracking":false,"_monsterinsights_sitenote_active":false,"_monsterinsights_sitenote_note":"","_monsterinsights_sitenote_category":0},"wf_page_folders":[],"aioseo_notices":[],"_links":{"self":[{"href":"https:\/\/wildlifeconnect.org\/en\/wp-json\/wp\/v2\/pages\/1154"}],"collection":[{"href":"https:\/\/wildlifeconnect.org\/en\/wp-json\/wp\/v2\/pages"}],"about":[{"href":"https:\/\/wildlifeconnect.org\/en\/wp-json\/wp\/v2\/types\/page"}],"author":[{"embeddable":true,"href":"https:\/\/wildlifeconnect.org\/en\/wp-json\/wp\/v2\/users\/1"}],"replies":[{"embeddable":true,"href":"https:\/\/wildlifeconnect.org\/en\/wp-json\/wp\/v2\/comments?post=1154"}],"version-history":[{"count":13,"href":"https:\/\/wildlifeconnect.org\/en\/wp-json\/wp\/v2\/pages\/1154\/revisions"}],"predecessor-version":[{"id":1537,"href":"https:\/\/wildlifeconnect.org\/en\/wp-json\/wp\/v2\/pages\/1154\/revisions\/1537"}],"wp:attachment":[{"href":"https:\/\/wildlifeconnect.org\/en\/wp-json\/wp\/v2\/media?parent=1154"}],"wp:term":[{"taxonomy":"wf_page_folders","embeddable":true,"href":"https:\/\/wildlifeconnect.org\/en\/wp-json\/wp\/v2\/wf_page_folders?post=1154"}],"curies":[{"name":"wp","href":"https:\/\/api.w.org\/{rel}","templated":true}]}}