{"id":1139,"date":"2023-05-07T21:24:45","date_gmt":"2023-05-08T01:24:45","guid":{"rendered":"https:\/\/wildlifeconnect.azurewebsites.net\/?page_id=1139"},"modified":"2023-06-25T13:22:37","modified_gmt":"2023-06-25T17:22:37","slug":"asia","status":"publish","type":"page","link":"https:\/\/wildlifeconnect.org\/en\/asia\/","title":{"rendered":"Asia"},"content":{"rendered":"<p>[et_pb_section fb_built=\u00bb1&#8243; _builder_version=\u00bb4.21.0&#8243; _module_preset=\u00bbdefault\u00bb background_image=\u00bbhttps:\/\/wildlifeconnect.org\/wp-content\/uploads\/2023\/05\/ASIA-BANNER3.jpg\u00bb custom_padding=\u00bb350px||350px||false|false\u00bb global_colors_info=\u00bb{}\u00bb theme_builder_area=\u00bbpost_content\u00bb][\/et_pb_section][et_pb_section fb_built=\u00bb1&#8243; _builder_version=\u00bb4.21.0&#8243; _module_preset=\u00bbdefault\u00bb global_colors_info=\u00bb{}\u00bb theme_builder_area=\u00bbpost_content\u00bb][et_pb_row column_structure=\u00bb2_5,3_5&#8243; _builder_version=\u00bb4.21.0&#8243; _module_preset=\u00bbdefault\u00bb global_colors_info=\u00bb{}\u00bb theme_builder_area=\u00bbpost_content\u00bb][et_pb_column type=\u00bb2_5&#8243; _builder_version=\u00bb4.21.0&#8243; _module_preset=\u00bbdefault\u00bb global_colors_info=\u00bb{}\u00bb theme_builder_area=\u00bbpost_content\u00bb][et_pb_text _builder_version=\u00bb4.21.0&#8243; _module_preset=\u00bbdefault\u00bb header_2_text_color=\u00bb#000000&#8243; header_2_font_size=\u00bb42px\u00bb background_color=\u00bb#d9d9d9&#8243; custom_padding=\u00bb20px|20px|20px|20px|false|false\u00bb global_colors_info=\u00bb{}\u00bb theme_builder_area=\u00bbpost_content\u00bb]<\/p>\n<h2 class=\"elementor-heading-title elementor-size-default\" style=\"text-align: center;\">ASIA<\/h2>\n<p>[\/et_pb_text][et_pb_text _builder_version=\u00bb4.21.0&#8243; _module_preset=\u00bbdefault\u00bb text_text_color=\u00bb#000000&#8243; text_font_size=\u00bb20px\u00bb text_line_height=\u00bb1.5em\u00bb background_color=\u00bb#e8e8e8&#8243; text_orientation=\u00bbjustified\u00bb custom_margin=\u00bb-38px||||false|false\u00bb custom_padding=\u00bb20px|20px|20px|20px|false|false\u00bb global_colors_info=\u00bb{}\u00bb theme_builder_area=\u00bbpost_content\u00bb]<\/p>\n<p><strong>The Central India landscape is home to over 20% of the global tiger population<\/strong><span>\u00a0as well as vibrant Indigenous Peoples and local communities, agriculture, mining, and infrastructure. Tigers can still move between protected areas across a mosaic of farmland and forest patches, but maintaining this connectivity into the future will require innovation, collaboration, and a strategic vision.<\/span><\/p>\n<p>[\/et_pb_text][\/et_pb_column][et_pb_column type=\u00bb3_5&#8243; _builder_version=\u00bb4.21.0&#8243; _module_preset=\u00bbdefault\u00bb global_colors_info=\u00bb{}\u00bb theme_builder_area=\u00bbpost_content\u00bb][et_pb_image src=\u00bbhttps:\/\/wildlifeconnect.org\/wp-content\/uploads\/2023\/05\/map4-1.jpg\u00bb title_text=\u00bbAsia wwf\u00bb align=\u00bbcenter\u00bb _builder_version=\u00bb4.21.0&#8243; _module_preset=\u00bbdefault\u00bb global_colors_info=\u00bb{}\u00bb theme_builder_area=\u00bbpost_content\u00bb][\/et_pb_image][dsm_button button_one_text=\u00bbClick Aqu\u00ed para mayor informaci\u00f3n\u00bb button_one_url=\u00bbhttps:\/\/www.youtube.com\/watch?v=_2pwbOPVdUQ\u00bb button_one_url_new_window=\u00bbon\u00bb button_alignment=\u00bbcenter\u00bb _builder_version=\u00bb4.21.0&#8243; _module_preset=\u00bbdefault\u00bb custom_button_one=\u00bbon\u00bb button_one_text_size=\u00bb15px\u00bb button_one_text_color=\u00bb#FFFFFF\u00bb button_one_bg_color=\u00bb#f0ad4e\u00bb button_one_font=\u00bbArial||||||||\u00bb button_one_icon=\u00bb&#xe060;||divi||400&#8243; button_one_icon_color=\u00bb#FFFFFF\u00bb button_one_icon_placement=\u00bbleft\u00bb button_one_on_hover=\u00bboff\u00bb background_layout=\u00bbdark\u00bb global_colors_info=\u00bb{}\u00bb theme_builder_area=\u00bbpost_content\u00bb][\/dsm_button][\/et_pb_column][\/et_pb_row][\/et_pb_section][et_pb_section fb_built=\u00bb1&#8243; _builder_version=\u00bb4.21.0&#8243; _module_preset=\u00bbdefault\u00bb background_color=\u00bb#000000&#8243; custom_padding=\u00bb250px||250px||false|false\u00bb global_colors_info=\u00bb{}\u00bb theme_builder_area=\u00bbpost_content\u00bb][et_pb_row column_structure=\u00bb1_2,1_2&#8243; _builder_version=\u00bb4.21.0&#8243; _module_preset=\u00bbdefault\u00bb global_colors_info=\u00bb{}\u00bb theme_builder_area=\u00bbpost_content\u00bb][et_pb_column type=\u00bb1_2&#8243; _builder_version=\u00bb4.21.0&#8243; _module_preset=\u00bbdefault\u00bb global_colors_info=\u00bb{}\u00bb theme_builder_area=\u00bbpost_content\u00bb][et_pb_text _builder_version=\u00bb4.21.0&#8243; _module_preset=\u00bbdefault\u00bb header_2_font=\u00bbBahiana|600|||||||\u00bb header_2_text_color=\u00bb#FFFFFF\u00bb header_2_font_size=\u00bb50px\u00bb background_color=\u00bbrgba(217,217,217,0.24)\u00bb custom_padding=\u00bb20px|20px|20px|20px|false|false\u00bb header_2_font_size_tablet=\u00bb31px\u00bb header_2_font_size_phone=\u00bb24px\u00bb header_2_font_size_last_edited=\u00bbon|phone\u00bb global_colors_info=\u00bb{}\u00bb theme_builder_area=\u00bbpost_content\u00bb]<\/p>\n<h2 class=\"elementor-heading-title elementor-size-xl\">Wildlife Connect aims to build on these successes in 4 additional landscapes, one on each continent<\/h2>\n<p>[\/et_pb_text][\/et_pb_column][et_pb_column type=\u00bb1_2&#8243; _builder_version=\u00bb4.21.0&#8243; _module_preset=\u00bbdefault\u00bb global_colors_info=\u00bb{}\u00bb theme_builder_area=\u00bbpost_content\u00bb][dsm_image_accordion image_accordion_animation=\u00bbpush_up\u00bb image_accordion_animation_sequence=\u00bbon\u00bb ia_height=\u00bb411px\u00bb _builder_version=\u00bb4.21.0&#8243; _module_preset=\u00bbdefault\u00bb custom_margin=\u00bb-50px||||false|false\u00bb hover_enabled=\u00bb0&#8243; global_colors_info=\u00bb{}\u00bb theme_builder_area=\u00bbpost_content\u00bb sticky_enabled=\u00bb0&#8243;][dsm_image_accordion_child image_accordion_src=\u00bbhttps:\/\/wildlifeconnect.org\/wp-content\/uploads\/2023\/05\/map4.jpg\u00bb image_accordion_title=\u00bbAsia\u00bb image_accordion_desc=\u00bbIndia Central\u00bb ia_align_horizontal=\u00bbleft\u00bb ia_align_vertical=\u00bbbottom\u00bb _builder_version=\u00bb4.21.0&#8243; _module_preset=\u00bbdefault\u00bb title_font=\u00bbArial|800|||||||\u00bb title_text_color=\u00bb#000000&#8243; title_font_size=\u00bb30px\u00bb desc_font=\u00bb|800|||||||\u00bb desc_text_color=\u00bb#000000&#8243; desc_font_size=\u00bb25px\u00bb background_enable_color=\u00bboff\u00bb custom_padding=\u00bb|||20px|false|false\u00bb hover_enabled=\u00bb0&#8243; global_colors_info=\u00bb{}\u00bb theme_builder_area=\u00bbpost_content\u00bb link_option_url=\u00bb@ET-DC@eyJkeW5hbWljIjp0cnVlLCJjb250ZW50IjoicG9zdF9saW5rX3VybF9wYWdlIiwic2V0dGluZ3MiOnsicG9zdF9pZCI6IjExMzkifX0=@\u00bb _dynamic_attributes=\u00bblink_option_url\u00bb sticky_enabled=\u00bb0&#8243;][\/dsm_image_accordion_child][dsm_image_accordion_child image_accordion_src=\u00bbhttps:\/\/wildlifeconnect.org\/wp-content\/uploads\/2023\/05\/map7.png\u00bb image_accordion_title=\u00bbEuropa\u00bb image_accordion_desc=\u00bbC\u00e1rpatos\u00bb ia_align_horizontal=\u00bbleft\u00bb ia_align_vertical=\u00bbbottom\u00bb _builder_version=\u00bb4.21.0&#8243; _module_preset=\u00bbdefault\u00bb title_font=\u00bbArial|800|||||||\u00bb title_text_color=\u00bb#000000&#8243; title_font_size=\u00bb30px\u00bb desc_font=\u00bb|800|||||||\u00bb desc_text_color=\u00bb#000000&#8243; desc_font_size=\u00bb25px\u00bb background_enable_color=\u00bboff\u00bb custom_padding=\u00bb|||20px|false|false\u00bb hover_enabled=\u00bb0&#8243; global_colors_info=\u00bb{}\u00bb theme_builder_area=\u00bbpost_content\u00bb link_option_url=\u00bb@ET-DC@eyJkeW5hbWljIjp0cnVlLCJjb250ZW50IjoicG9zdF9saW5rX3VybF9wYWdlIiwic2V0dGluZ3MiOnsicG9zdF9pZCI6IjExNDgifX0=@\u00bb _dynamic_attributes=\u00bblink_option_url\u00bb sticky_enabled=\u00bb0&#8243;][\/dsm_image_accordion_child][dsm_image_accordion_child image_accordion_src=\u00bbhttps:\/\/wildlifeconnect.org\/wp-content\/uploads\/2023\/05\/sudamerica.jpg\u00bb image_accordion_title=\u00bbLatinoam\u00e9rica\u00bb image_accordion_desc=\u00bbChaco-Pantanal (PACHA)<br \/>\n\u00a9 Panthera\u00bb ia_align_horizontal=\u00bbleft\u00bb ia_align_vertical=\u00bbbottom\u00bb _builder_version=\u00bb4.21.0&#8243; _module_preset=\u00bbdefault\u00bb title_font=\u00bbArial|800|||||||\u00bb title_text_color=\u00bb#000000&#8243; title_font_size=\u00bb30px\u00bb desc_font=\u00bb|800|||||||\u00bb desc_text_color=\u00bb#000000&#8243; desc_font_size=\u00bb25px\u00bb background_enable_color=\u00bboff\u00bb custom_padding=\u00bb|||20px|false|false\u00bb hover_enabled=\u00bb0&#8243; global_colors_info=\u00bb{}\u00bb theme_builder_area=\u00bbpost_content\u00bb link_option_url=\u00bb@ET-DC@eyJkeW5hbWljIjp0cnVlLCJjb250ZW50IjoicG9zdF9saW5rX3VybF9wYWdlIiwic2V0dGluZ3MiOnsicG9zdF9pZCI6IjExNTQifX0=@\u00bb _dynamic_attributes=\u00bblink_option_url\u00bb sticky_enabled=\u00bb0&#8243;][\/dsm_image_accordion_child][dsm_image_accordion_child image_accordion_src=\u00bbhttps:\/\/wildlifeconnect.org\/wp-content\/uploads\/2023\/05\/Soknot.jpg\u00bb image_accordion_title=\u00bbAfrica\u00bb image_accordion_desc=\u00bbKenia del Sur &#8211; Norte de Tanzania (SOKNOT)\u00bb ia_align_horizontal=\u00bbleft\u00bb ia_align_vertical=\u00bbbottom\u00bb _builder_version=\u00bb4.21.0&#8243; _module_preset=\u00bbdefault\u00bb title_font=\u00bbArial|800|||||||\u00bb title_text_color=\u00bb#000000&#8243; title_font_size=\u00bb30px\u00bb desc_font=\u00bb|800|||||||\u00bb desc_text_color=\u00bb#000000&#8243; desc_font_size=\u00bb25px\u00bb background_enable_color=\u00bboff\u00bb custom_padding=\u00bb|||20px|false|false\u00bb hover_enabled=\u00bb0&#8243; global_colors_info=\u00bb{}\u00bb theme_builder_area=\u00bbpost_content\u00bb link_option_url=\u00bb@ET-DC@eyJkeW5hbWljIjp0cnVlLCJjb250ZW50IjoicG9zdF9saW5rX3VybF9wYWdlIiwic2V0dGluZ3MiOnsicG9zdF9pZCI6IjExNjAifX0=@\u00bb _dynamic_attributes=\u00bblink_option_url\u00bb sticky_enabled=\u00bb0&#8243;][\/dsm_image_accordion_child][\/dsm_image_accordion][\/et_pb_column][\/et_pb_row][\/et_pb_section][et_pb_section fb_built=\u00bb1&#8243; _builder_version=\u00bb4.21.0&#8243; _module_preset=\u00bbdefault\u00bb background_image=\u00bbhttps:\/\/wildlifeconnect.org\/wp-content\/uploads\/2023\/05\/11-PrasenjeetYadav6.jpg\u00bb global_colors_info=\u00bb{}\u00bb theme_builder_area=\u00bbpost_content\u00bb][et_pb_row column_structure=\u00bb1_2,1_2&#8243; _builder_version=\u00bb4.21.0&#8243; _module_preset=\u00bbdefault\u00bb global_colors_info=\u00bb{}\u00bb theme_builder_area=\u00bbpost_content\u00bb][et_pb_column type=\u00bb1_2&#8243; _builder_version=\u00bb4.21.0&#8243; _module_preset=\u00bbdefault\u00bb global_colors_info=\u00bb{}\u00bb theme_builder_area=\u00bbpost_content\u00bb][\/et_pb_column][et_pb_column type=\u00bb1_2&#8243; _builder_version=\u00bb4.21.0&#8243; _module_preset=\u00bbdefault\u00bb global_colors_info=\u00bb{}\u00bb theme_builder_area=\u00bbpost_content\u00bb][dsm_button button_one_text=\u00bbLa coalici\u00f3n para corredores de vida silvestre (CWC) es una red colaborativa de personas y organizaciones que trabajan para promover la conservaci\u00f3n de la conectividad en la India.\u00bb button_one_url=\u00bbhttp:\/\/corridorcoalition.org\/\u00bb button_one_url_new_window=\u00bbon\u00bb button_alignment=\u00bbcenter\u00bb _builder_version=\u00bb4.21.0&#8243; _module_preset=\u00bbdefault\u00bb custom_button_one=\u00bbon\u00bb button_one_text_size=\u00bb15px\u00bb button_one_text_color=\u00bb#FFFFFF\u00bb button_one_bg_color=\u00bb#ebaa4c\u00bb button_one_icon=\u00bb&#xf0c1;||fa||900&#8243; button_one_icon_color=\u00bb#FFFFFF\u00bb button_one_icon_placement=\u00bbleft\u00bb button_one_on_hover=\u00bboff\u00bb background_layout=\u00bbdark\u00bb global_colors_info=\u00bb{}\u00bb theme_builder_area=\u00bbpost_content\u00bb][\/dsm_button][\/et_pb_column][\/et_pb_row][\/et_pb_section]<\/p>","protected":false},"excerpt":{"rendered":"<p>ASIAEl paisaje de India central alberga a m\u00e1s del 20% de la poblaci\u00f3n mundial de tigres\u00a0as\u00ed como llamativos pueblos ind\u00edgenas y comunidades locales, agricultura, miner\u00eda e infraestructura. Los tigres a\u00fan pueden moverse entre las \u00e1reas protegidas en el paisaje a trav\u00e9s de mosaicos de agricultura y parches de bosque, pero mantener esta conectividad en el [&hellip;]<\/p>","protected":false},"author":1,"featured_media":0,"parent":0,"menu_order":0,"comment_status":"closed","ping_status":"closed","template":"","meta":{"_et_pb_use_builder":"on","_et_pb_old_content":"","_et_gb_content_width":"","om_disable_all_campaigns":false,"_monsterinsights_skip_tracking":false,"_monsterinsights_sitenote_active":false,"_monsterinsights_sitenote_note":"","_monsterinsights_sitenote_category":0},"wf_page_folders":[],"aioseo_notices":[],"_links":{"self":[{"href":"https:\/\/wildlifeconnect.org\/en\/wp-json\/wp\/v2\/pages\/1139"}],"collection":[{"href":"https:\/\/wildlifeconnect.org\/en\/wp-json\/wp\/v2\/pages"}],"about":[{"href":"https:\/\/wildlifeconnect.org\/en\/wp-json\/wp\/v2\/types\/page"}],"author":[{"embeddable":true,"href":"https:\/\/wildlifeconnect.org\/en\/wp-json\/wp\/v2\/users\/1"}],"replies":[{"embeddable":true,"href":"https:\/\/wildlifeconnect.org\/en\/wp-json\/wp\/v2\/comments?post=1139"}],"version-history":[{"count":7,"href":"https:\/\/wildlifeconnect.org\/en\/wp-json\/wp\/v2\/pages\/1139\/revisions"}],"predecessor-version":[{"id":1485,"href":"https:\/\/wildlifeconnect.org\/en\/wp-json\/wp\/v2\/pages\/1139\/revisions\/1485"}],"wp:attachment":[{"href":"https:\/\/wildlifeconnect.org\/en\/wp-json\/wp\/v2\/media?parent=1139"}],"wp:term":[{"taxonomy":"wf_page_folders","embeddable":true,"href":"https:\/\/wildlifeconnect.org\/en\/wp-json\/wp\/v2\/wf_page_folders?post=1139"}],"curies":[{"name":"wp","href":"https:\/\/api.w.org\/{rel}","templated":true}]}}